{"id":791,"date":"2022-04-25T22:22:30","date_gmt":"2022-04-25T22:22:30","guid":{"rendered":"https:\/\/messe.kern-liebers.com\/?page_id=791"},"modified":"2022-04-27T08:52:07","modified_gmt":"2022-04-27T08:52:07","slug":"nachhaltigkeit-bei-psm-protech-2","status":"publish","type":"page","link":"https:\/\/messe.kern-liebers.com\/index.php\/nachhaltigkeit-bei-psm-protech-2\/","title":{"rendered":"Nachhaltigkeit bei psm protech 2"},"content":{"rendered":"\n<div style=\"background:white; border-radius:4px; font-size:1.1875rem; padding-left:5px;\"> \n<h1> Nachhaltigkeit bei psm protech <\/h1>\nUnser Ziel ist es, wirtschaftlichen Erfolg, soziale Verantwortung und die Schonung von Umwelt und Ressourcen vorbildlich miteinander zu verbinden und gemeinschaftlich voranzutreiben.\nFolgende Beitr\u00e4ge zur Nachhaltigkeit wurden bereits umgesetzt: <br>\n1. Insektenfreundliche Au\u00dfenbeleuchtung <br> \n2. Wildblumen- und Wildkr\u00e4uterfl\u00e4chen rund um den Parkplatz anstelle von Rasen <br>\n3. Streuobstwiese <br>\n4. Nutzung der Berchtesgadener Ache zur K\u00fchlung der Maschinen und Anlagen <br>\n5. Umstellung unserer kompletten Beleuchtung auf LED <br>\n\nWir bei psm generieren unseren Strombedarf zu 100% aus erneuerbaren Energien. Das bescheinigt unser Stromlieferant EWR &#8211; Elektrizit\u00e4tswerke Reutte &#8211; 100% stammen aus Wasserkraft. <br><br>\n\nWas viele planen, setzen wir um!\n<\/div>\n<p><\/p>\n\n\n\n<figure class=\"wp-block-image size-large is-resized\"><img fetchpriority=\"high\" decoding=\"async\" src=\"https:\/\/messe.kern-liebers.com\/wp-content\/uploads\/2022\/04\/Bescheinigung-1024x576.jpg\" alt=\"\" class=\"wp-image-792\" width=\"1179\" height=\"662\" srcset=\"https:\/\/messe.kern-liebers.com\/wp-content\/uploads\/2022\/04\/Bescheinigung-1024x576.jpg 1024w, https:\/\/messe.kern-liebers.com\/wp-content\/uploads\/2022\/04\/Bescheinigung-300x169.jpg 300w, https:\/\/messe.kern-liebers.com\/wp-content\/uploads\/2022\/04\/Bescheinigung-768x432.jpg 768w, https:\/\/messe.kern-liebers.com\/wp-content\/uploads\/2022\/04\/Bescheinigung-1536x864.jpg 1536w, https:\/\/messe.kern-liebers.com\/wp-content\/uploads\/2022\/04\/Bescheinigung.jpg 1920w\" sizes=\"(max-width: 1179px) 100vw, 1179px\" \/><\/figure>\n","protected":false},"excerpt":{"rendered":"<p>Nachhaltigkeit bei psm protech Unser Ziel ist es, wirtschaftlichen Erfolg, soziale Verantwortung und die Schonung von Umwelt und Ressourcen vorbildlich miteinander zu verbinden und gemeinschaftlich voranzutreiben. Folgende Beitr\u00e4ge zur Nachhaltigkeit wurden bereits umgesetzt: 1. Insektenfreundliche Au\u00dfenbeleuchtung 2. Wildblumen- und Wildkr\u00e4uterfl\u00e4chen rund um den Parkplatz anstelle von Rasen 3. Streuobstwiese 4. Nutzung der Berchtesgadener Ache zur [&hellip;]<\/p>\n","protected":false},"author":1,"featured_media":0,"parent":0,"menu_order":0,"comment_status":"closed","ping_status":"closed","template":"blank-slate-template.php","meta":{"_vp_format_video_url":"","_vp_image_focal_point":[],"gt_page_layout":"","gt_hide_page_title":false,"gt_remove_bottom_margin":false,"footnotes":""},"class_list":["post-791","page","type-page","status-publish","hentry"],"_links":{"self":[{"href":"https:\/\/messe.kern-liebers.com\/index.php\/wp-json\/wp\/v2\/pages\/791","targetHints":{"allow":["GET"]}}],"collection":[{"href":"https:\/\/messe.kern-liebers.com\/index.php\/wp-json\/wp\/v2\/pages"}],"about":[{"href":"https:\/\/messe.kern-liebers.com\/index.php\/wp-json\/wp\/v2\/types\/page"}],"author":[{"embeddable":true,"href":"https:\/\/messe.kern-liebers.com\/index.php\/wp-json\/wp\/v2\/users\/1"}],"replies":[{"embeddable":true,"href":"https:\/\/messe.kern-liebers.com\/index.php\/wp-json\/wp\/v2\/comments?post=791"}],"version-history":[{"count":7,"href":"https:\/\/messe.kern-liebers.com\/index.php\/wp-json\/wp\/v2\/pages\/791\/revisions"}],"predecessor-version":[{"id":837,"href":"https:\/\/messe.kern-liebers.com\/index.php\/wp-json\/wp\/v2\/pages\/791\/revisions\/837"}],"wp:attachment":[{"href":"https:\/\/messe.kern-liebers.com\/index.php\/wp-json\/wp\/v2\/media?parent=791"}],"curies":[{"name":"wp","href":"https:\/\/api.w.org\/{rel}","templated":true}]}}